{"id":16828,"date":"2026-02-12T20:47:26","date_gmt":"2026-02-12T20:47:26","guid":{"rendered":"https:\/\/gestaoprimme.grupomidia.com\/premio-gestao-primme\/?page_id=16828"},"modified":"2026-02-12T20:51:38","modified_gmt":"2026-02-12T20:51:38","slug":"regulamento-do-premio-gestao-primme","status":"publish","type":"page","link":"https:\/\/gestaoprimme.grupomidia.com\/premio-gestao-primme\/regulamento-do-premio-gestao-primme\/","title":{"rendered":"Regulamento do Pr\u00eamio Gest\u00e3o Primme"},"content":{"rendered":"\t\t<div data-elementor-type=\"wp-page\" data-elementor-id=\"16828\" class=\"elementor elementor-16828\">\n\t\t\t\t<div class=\"elementor-element elementor-element-7087990 e-flex e-con-boxed e-con e-parent \" data-id=\"7087990\" data-element_type=\"container\" data-settings=\"{&quot;background_background&quot;:&quot;classic&quot;}\">\t\t\t<div class=\"e-con-inner\">\r\n\t\t<div class=\"elementor-element elementor-element-825c0e9 e-con-full e-flex e-con e-child \" data-id=\"825c0e9\" data-element_type=\"container\">\t\t<div class=\"elementor-element elementor-element-02aa516 elementor-widget elementor-widget-image\" data-id=\"02aa516\" data-element_type=\"widget\" data-widget_type=\"image.default\">\n\t\t\t\t<div class=\"elementor-widget-container\">\n\t\t\t\t\t\t\t\t\t\t\t\t\t\t\t\t<a href=\"https:\/\/gestaoprimme.grupomidia.com\/premio-gestao-primme\">\n\t\t\t\t\t\t\t<img fetchpriority=\"high\" decoding=\"async\" width=\"600\" height=\"148\" src=\"https:\/\/gestaoprimme.grupomidia.com\/premio-gestao-primme\/wp-content\/uploads\/2025\/05\/logo-premio-gestao-primme.png\" class=\"attachment-large size-large wp-image-16283\" alt=\"Pr\u00eamio Gest\u00e3o Primme\" srcset=\"https:\/\/gestaoprimme.grupomidia.com\/premio-gestao-primme\/wp-content\/uploads\/2025\/05\/logo-premio-gestao-primme.png 600w, https:\/\/gestaoprimme.grupomidia.com\/premio-gestao-primme\/wp-content\/uploads\/2025\/05\/logo-premio-gestao-primme-300x74.png 300w\" sizes=\"(max-width: 600px) 100vw, 600px\" \/>\t\t\t\t\t\t\t\t<\/a>\n\t\t\t\t\t\t\t\t\t\t\t\t\t\t\t<\/div>\n\t\t\t\t<\/div>\n\t\t\t\t<\/div>\r\n\t\t<div class=\"elementor-element elementor-element-34033fd e-con-full e-flex e-con e-child \" data-id=\"34033fd\" data-element_type=\"container\">\t\t<\/div>\r\n\t\t<div class=\"elementor-element elementor-element-bbe1381 e-con-full e-flex e-con e-child \" data-id=\"bbe1381\" data-element_type=\"container\">\t\t<div class=\"elementor-element elementor-element-efcf4ba elementor-widget elementor-widget-text-editor\" data-id=\"efcf4ba\" data-element_type=\"widget\" data-widget_type=\"text-editor.default\">\n\t\t\t\t<div class=\"elementor-widget-container\">\n\t\t\t\t\t\t\t\t\t<style>\n    \/* --- Vari\u00e1veis de Cor --- *\/\n    :root {\n        --primme-blue: #004aad; \/* Azul Predominante Vibrante *\/\n        --primme-gold: #d4af37; \/* Dourado Met\u00e1lico *\/\n        --primme-text: #ffffff; \/* Texto Branco *\/\n    }\n\n    \/* --- Estrutura da Moldura (Frame) --- *\/\n    .primme-outer-frame {\n        font-family: 'Helvetica Neue', Helvetica, Arial, sans-serif;\n        max-width: 900px;\n        margin: 0 auto;\n        \n        \/* Fundo Transparente *\/\n        background-color: transparent;\n        \n        \/* Moldura Externa Sutil (Dourado Transl\u00facido) *\/\n        padding: 15px; \n        border: 1px solid rgba(212, 175, 55, 0.3);\n        \n        color: var(--primme-text);\n        line-height: 1.6;\n    }\n\n    .primme-inner-frame {\n        \/* Moldura Interna (S\u00f3lida em Azul) *\/\n        border: 2px solid var(--primme-blue); \n        padding: 40px;\n        height: 100%;\n        box-sizing: border-box;\n        \n        \/* Sombra interna leve dourada *\/\n        box-shadow: inset 0 0 20px rgba(212, 175, 55, 0.05);\n        position: relative;\n    }\n\n    \/* Detalhe de Canto (Opcional - toque elegante) *\/\n    .primme-inner-frame::after {\n        content: \"\";\n        position: absolute;\n        bottom: 0;\n        right: 0;\n        width: 30px;\n        height: 30px;\n        border-bottom: 3px solid var(--primme-gold);\n        border-right: 3px solid var(--primme-gold);\n    }\n\n    \/* --- Cabe\u00e7alho --- *\/\n    .primme-header {\n        text-align: center;\n        margin-bottom: 50px;\n        border-bottom: 2px solid var(--primme-gold);\n        padding-bottom: 25px;\n    }\n\n    .primme-header h1 {\n        font-size: 32px;\n        font-weight: 800;\n        text-transform: uppercase;\n        margin: 0 0 10px 0;\n        color: var(--primme-blue);\n        letter-spacing: 1px;\n        text-shadow: 0 0 15px rgba(0, 74, 173, 0.4);\n    }\n\n    .primme-header p {\n        font-size: 16px;\n        color: #ddd;\n        margin: 0;\n        font-style: italic;\n    }\n\n    \/* --- Categorias Mestras --- *\/\n    .master-category {\n        margin-bottom: 40px;\n    }\n\n    .master-title {\n        background: linear-gradient(90deg, rgba(0, 74, 173, 0.2) 0%, transparent 100%);\n        padding: 15px 20px;\n        font-size: 20px;\n        font-weight: 800;\n        text-transform: uppercase;\n        border-left: 5px solid var(--primme-gold); \/* Detalhe Dourado *\/\n        color: var(--primme-blue);\n        margin-bottom: 15px;\n        letter-spacing: 0.5px;\n    }\n\n    .master-desc {\n        padding: 0 20px;\n        font-style: italic;\n        color: #ccc;\n        margin-bottom: 20px;\n        font-size: 15px;\n    }\n\n    \/* --- Subcategorias (Lista) --- *\/\n    .sub-list {\n        list-style-type: none;\n        padding-left: 20px;\n    }\n\n    .sub-list li {\n        margin-bottom: 20px;\n        position: relative;\n        padding-left: 25px;\n    }\n\n    \/* \u00cdcone da lista (Diamante Dourado) *\/\n    .sub-list li::before {\n        content: \"\u2756\"; \n        position: absolute;\n        left: 0;\n        top: 2px;\n        color: var(--primme-gold);\n        font-size: 14px;\n    }\n\n    .sub-name {\n        display: block;\n        font-weight: 700;\n        color: var(--primme-gold); \/* Subt\u00edtulo em Dourado *\/\n        text-transform: uppercase;\n        font-size: 16px;\n        margin-bottom: 5px;\n    }\n\n    .sub-content {\n        color: #fff;\n        font-size: 15px;\n        text-align: justify;\n    }\n\n    \/* --- Box de Informa\u00e7\u00f5es (Crit\u00e9rios\/Datas) --- *\/\n    .info-box {\n        border: 1px solid var(--primme-blue);\n        background-color: rgba(0, 74, 173, 0.1);\n        padding: 30px;\n        border-radius: 4px;\n        margin-top: 50px;\n    }\n\n    .info-title {\n        color: var(--primme-blue);\n        font-weight: 800;\n        text-transform: uppercase;\n        font-size: 18px;\n        margin-bottom: 15px;\n        border-bottom: 1px dashed var(--primme-gold);\n        padding-bottom: 10px;\n        display: inline-block;\n    }\n\n    .date-highlight {\n        display: block;\n        margin-top: 15px;\n        font-weight: 700;\n        color: var(--primme-gold);\n        font-size: 18px;\n        text-align: center;\n        border: 1px solid var(--primme-gold);\n        padding: 10px;\n        border-radius: 4px;\n    }\n\n    \/* --- Responsividade --- *\/\n    @media (max-width: 600px) {\n        .primme-outer-frame { padding: 5px; border: none; }\n        .primme-inner-frame { padding: 20px; border-width: 1px; }\n        .primme-header h1 { font-size: 24px; }\n        .master-title { font-size: 18px; }\n    }\n<\/style>\n\n<div class=\"primme-outer-frame\">\n    <div class=\"primme-inner-frame\">\n\n        <header class=\"primme-header\">\n            <h1>Regulamento Pr\u00eamio Gest\u00e3o Primme<\/h1>\n            <p>O pr\u00eamio est\u00e1 organizado em 3 categorias mestras, subdivididas em subcategorias tem\u00e1ticas.<\/p>\n        <\/header>\n\n        <div class=\"master-category\">\n            <div class=\"master-title\">Categoria Gest\u00e3o e Sustentabilidade<\/div>\n            <p class=\"master-desc\">Reconhece cases que fortaleceram a governan\u00e7a, a sustentabilidade e a qualidade da gest\u00e3o hospitalar.<\/p>\n            \n            <ul class=\"sub-list\">\n                <li>\n                    <span class=\"sub-name\">Gest\u00e3o e Governan\u00e7a<\/span>\n                    <span class=\"sub-content\">Cases que fortaleceram governan\u00e7a, compliance, planejamento estrat\u00e9gico, controle financeiro e transpar\u00eancia institucional.<\/span>\n                <\/li>\n                <li>\n                    <span class=\"sub-name\">Sustentabilidade e ESG<\/span>\n                    <span class=\"sub-content\">Iniciativas com impacto ambiental, social e de governan\u00e7a, com resultados mensur\u00e1veis.<\/span>\n                <\/li>\n                <li>\n                    <span class=\"sub-name\">Qualidade e Seguran\u00e7a do Paciente<\/span>\n                    <span class=\"sub-content\">Projetos que reduziram eventos adversos, melhoraram protocolos e elevaram padr\u00f5es de seguran\u00e7a.<\/span>\n                <\/li>\n                <li>\n                    <span class=\"sub-name\">Gest\u00e3o de Pessoas<\/span>\n                    <span class=\"sub-content\">Projetos de capacita\u00e7\u00e3o, treinamento, ensino e qualifica\u00e7\u00e3o profissional.<\/span>\n                <\/li>\n            <\/ul>\n        <\/div>\n\n        <div class=\"master-category\">\n            <div class=\"master-title\">Categoria Tecnologia e Sa\u00fade Digital<\/div>\n            <p class=\"master-desc\">Reconhece cases em que a tecnologia foi aplicada de forma estrat\u00e9gica para melhorar a gest\u00e3o, a assist\u00eancia e a integra\u00e7\u00e3o de informa\u00e7\u00f5es.<\/p>\n            \n            <ul class=\"sub-list\">\n                <li>\n                    <span class=\"sub-name\">Transforma\u00e7\u00e3o Digital<\/span>\n                    <span class=\"sub-content\">Implanta\u00e7\u00e3o ou evolu\u00e7\u00e3o de sistemas digitais com impacto claro na gest\u00e3o e na assist\u00eancia.<\/span>\n                <\/li>\n                <li>\n                    <span class=\"sub-name\">Interoperabilidade e Sa\u00fade Conectada<\/span>\n                    <span class=\"sub-content\">Projetos que integraram sistemas, dados e informa\u00e7\u00f5es cl\u00ednicas e administrativas.<\/span>\n                <\/li>\n                <li>\n                    <span class=\"sub-name\">Organiza\u00e7\u00e3o da Jornada do Paciente<\/span>\n                    <span class=\"sub-content\">Projetos que integraram fluxos assistenciais, reduziram o tempo de perman\u00eancia e melhoraram a continuidade do cuidado.<\/span>\n                <\/li>\n            <\/ul>\n        <\/div>\n\n        <div class=\"master-category\">\n            <div class=\"master-title\">Categoria Infraestrutura e Opera\u00e7\u00e3o<\/div>\n            <p class=\"master-desc\">Reconhece cases que utilizaram infraestrutura, opera\u00e7\u00e3o e ambientes assistenciais como alavancas de efici\u00eancia, cuidado e experi\u00eancia do paciente.<\/p>\n            \n            <ul class=\"sub-list\">\n                <li>\n                    <span class=\"sub-name\">Expans\u00e3o e Moderniza\u00e7\u00e3o<\/span>\n                    <span class=\"sub-content\">Obras, amplia\u00e7\u00f5es ou moderniza\u00e7\u00f5es com impacto assistencial e operacional.<\/span>\n                <\/li>\n                <li>\n                    <span class=\"sub-name\">Efici\u00eancia Energ\u00e9tica e Utilidades Hospitalares<\/span>\n                    <span class=\"sub-content\">Projetos ligados \u00e0 energia, climatiza\u00e7\u00e3o, gases medicinais, \u00e1gua e utilidades.<\/span>\n                <\/li>\n                <li>\n                    <span class=\"sub-name\">Humaniza\u00e7\u00e3o e Experi\u00eancia do Paciente<\/span>\n                    <span class=\"sub-content\">Iniciativas que melhoraram o acolhimento, a comunica\u00e7\u00e3o, a jornada e a satisfa\u00e7\u00e3o do paciente.<\/span>\n                <\/li>\n            <\/ul>\n        <\/div>\n\n        <div class=\"info-box\">\n            <div class=\"info-title\">Crit\u00e9rios de Avalia\u00e7\u00e3o e Processo<\/div>\n            <p>Ser\u00e3o avaliados cases divulgados na m\u00eddia, bem como cases inscritos por meio do formul\u00e1rio oficial, dispon\u00edvel para download no site da premia\u00e7\u00e3o. Ap\u00f3s o preenchimento, o material dever\u00e1 ser enviado pelo pr\u00f3prio site oficial do Pr\u00eamio Gest\u00e3o Primme, conforme orienta\u00e7\u00f5es ali disponibilizadas.<\/p>\n            \n            <p style=\"margin-top: 15px;\"><strong>Processo de escolha:<\/strong> Os cases ser\u00e3o analisados pelo Conselho Editorial do Grupo M\u00eddia, que eleger\u00e1 as institui\u00e7\u00f5es ganhadoras.<\/p>\n\n            <span class=\"date-highlight\">\n                Per\u00edodo de inscri\u00e7\u00e3o: 12 de fevereiro a 15 de mar\u00e7o de 2026\n            <\/span>\n        <\/div>\n\n    <\/div>\n<\/div>\t\t\t\t\t\t\t\t<\/div>\n\t\t\t\t<\/div>\n\t\t\t\t<\/div>\r\n\t\t\t\t\t<\/div>\r\n\t\t\t\t<\/div>\r\n\t\t        <section class=\"elementor-section elementor-top-section elementor-element elementor-element-89aa70a elementor-section-full_width elementor-section-height-default elementor-section-height-default pxl-row-scroll-none pxl-full-content-with-space-none pxl-section-overflow-visible pxl-bg-color-none pxl-section-overlay-none\" data-id=\"89aa70a\" data-element_type=\"section\">\n\n                \n                <div class=\"elementor-container elementor-column-gap-no \">\n                <div class=\"elementor-column elementor-col-100 elementor-top-column elementor-element elementor-element-214f19c pxl-column-none pxl-column-overflow-hidden-no\" data-id=\"214f19c\" data-element_type=\"column\">\r\n        <div class=\"elementor-widget-wrap elementor-element-populated\">\r\n                     \r\n        \t\t<div class=\"elementor-element elementor-element-c485eda elementor-widget elementor-widget-pxl_image\" data-id=\"c485eda\" data-element_type=\"widget\" data-widget_type=\"pxl_image.default\">\n\t\t\t\t<div class=\"elementor-widget-container\">\n\t\t\t\t\t<div id=\"pxl_image-c485eda-6686\" class=\"pxl-image-single  style-default  style-hover-default\" data-wow-delay=\"ms\"  >\r\n    <div class=\"pxl-item--inner \" data-wow-delay=\"120ms\">\r\n        <\/div>\r\n<\/div>\t\t\t\t<\/div>\n\t\t\t\t<\/div>\n\t\t            <\/div>\r\n        <\/div>\r\n        \t\t\t<\/div>\n\t\t<\/section>\n\t\t<div class=\"elementor-element elementor-element-962574a e-flex e-con-boxed e-con e-parent \" data-id=\"962574a\" data-element_type=\"container\">\t\t\t<div class=\"e-con-inner\">\r\n\t\t<div class=\"elementor-element elementor-element-bf5ef86 e-con-full e-flex e-con e-child \" data-id=\"bf5ef86\" data-element_type=\"container\">\t\t<div class=\"elementor-element elementor-element-f8c985a elementor-widget__width-auto elementor-align-center elementor-widget elementor-widget-pxl_button\" data-id=\"f8c985a\" data-element_type=\"widget\" data-widget_type=\"pxl_button.default\">\n\t\t\t\t<div class=\"elementor-widget-container\">\n\t\t\t\t\t \r\n<div id=\"pxl-pxl_button-f8c985a-9164\" class=\"pxl-button \" data-wow-delay=\"ms\">\r\n    \r\n    <a href=\"https:\/\/gestaoprimme.grupomidia.com\/premio-gestao-primme\/participacao-premio-gestao-primme\/\" \r\n       class=\"btn btn-style-6 btn-hover1 pxl-icon-active  pxl-icon--left\" data-text=\"ADQUIRIR CONVITES\"  data-wow-delay=\"ms\">\r\n       \r\n                                <span class=\"pxl--btn-text\" data-text=\"ADQUIRIR CONVITES\">\r\n                ADQUIRIR CONVITES            <\/span>\r\n            <\/a>\r\n  \r\n<\/div>\r\n\t\t\t\t<\/div>\n\t\t\t\t<\/div>\n\t\t\t\t<\/div>\r\n\t\t<div class=\"elementor-element elementor-element-57a7c82 e-con-full e-flex e-con e-child \" data-id=\"57a7c82\" data-element_type=\"container\">\t\t<div class=\"elementor-element elementor-element-f6ac60b elementor-widget__width-auto elementor-align-center elementor-widget elementor-widget-pxl_button\" data-id=\"f6ac60b\" data-element_type=\"widget\" data-widget_type=\"pxl_button.default\">\n\t\t\t\t<div class=\"elementor-widget-container\">\n\t\t\t\t\t \r\n<div id=\"pxl-pxl_button-f6ac60b-9440\" class=\"pxl-button \" data-wow-delay=\"ms\">\r\n    \r\n    <a href=\"https:\/\/gestaoprimme.grupomidia.com\/premio-gestao-primme\/patrocinador-premio-gestao-primme\/\" \r\n       class=\"btn btn-style-6 btn-hover1 pxl-icon-active  pxl-icon--left\" data-text=\"SEJA PATROCINADOR\"  data-wow-delay=\"ms\">\r\n       \r\n                                <span class=\"pxl--btn-text\" data-text=\"SEJA PATROCINADOR\">\r\n                SEJA PATROCINADOR            <\/span>\r\n            <\/a>\r\n  \r\n<\/div>\r\n\t\t\t\t<\/div>\n\t\t\t\t<\/div>\n\t\t\t\t<\/div>\r\n\t\t\t\t\t<\/div>\r\n\t\t\t\t<\/div>\r\n\t\t        <section class=\"elementor-section elementor-top-section elementor-element elementor-element-1b52d9c elementor-section-full_width elementor-section-height-default elementor-section-height-default pxl-row-scroll-none pxl-full-content-with-space-none pxl-section-overflow-visible pxl-bg-color-none pxl-section-overlay-none\" data-id=\"1b52d9c\" data-element_type=\"section\">\n\n                \n                <div class=\"elementor-container elementor-column-gap-default \">\n                <div class=\"elementor-column elementor-col-100 elementor-top-column elementor-element elementor-element-8b21714 pxl-column-none pxl-column-overflow-hidden-no\" data-id=\"8b21714\" data-element_type=\"column\">\r\n        <div class=\"elementor-widget-wrap elementor-element-populated\">\r\n                     \r\n        \t\t<div class=\"elementor-element elementor-element-632a0d0 elementor-widget elementor-widget-pxl_text_slip\" data-id=\"632a0d0\" data-element_type=\"widget\" data-widget_type=\"pxl_text_slip.default\">\n\t\t\t\t<div class=\"elementor-widget-container\">\n\t\t\t\t\t\t<div class=\"pxl-text-slip pxl-text-slip1 pxl-slide-to-left  text-fill\" data-wow-delay=\"ms\">\n\t\t<div class=\"pxl-item--container\">\n\t\t\t<div class=\"pxl-item--inner\" >\n\t\t\t\t\t\t\t\t\t\t\t\t\t<h3 class=\"pxl-item--text \">\t\t\t\t\n\t\t\t\t\t<span class=\"pxl-text-backdrop\">Pr\u00eamio Gest\u00e3o Primme 2026 &nbsp;<\/span>\n\t\t\t\t\t\t\t\t\t\t\t\t\t\t\t\t\t\t\t\t\t<\/h3>\n\t\t\t\t\t\t\t\t\t<\/div>\n\t\t<div class=\"pxl-item--inner\" >\n\t\t\t\t\t\t\t\t\t\t<h3 class=\"pxl-item--text \">\t\t\t\t\n\t\t\t\t<span class=\"pxl-text-backdrop\">Pr\u00eamio Gest\u00e3o Primme 2026 &nbsp;<\/span>\n\t\t\t\t\t\t\t\t\t\t\t\t\t\t\t\t\t<\/h3>\n\t\t\t\t\t\t<\/div>\n<\/div>\n<\/div>\n\t\t\t\t<\/div>\n\t\t\t\t<\/div>\n\t\t\t\t<div class=\"elementor-element elementor-element-398b1c6 elementor-widget elementor-widget-pxl_image\" data-id=\"398b1c6\" data-element_type=\"widget\" data-widget_type=\"pxl_image.default\">\n\t\t\t\t<div class=\"elementor-widget-container\">\n\t\t\t\t\t<div id=\"pxl_image-398b1c6-1261\" class=\"pxl-image-single  style-default  style-hover-style-1\" data-wow-delay=\"ms\"  >\r\n    <div class=\"pxl-item--inner \" data-wow-delay=\"120ms\">\r\n        \r\n                    <div class=\"pxl-item--image\" data-parallax-value=\"\">\r\n                                <img decoding=\"async\" width=\"600\" height=\"148\" src=\"https:\/\/gestaoprimme.grupomidia.com\/premio-gestao-primme\/wp-content\/uploads\/2025\/05\/logo-premio-gestao-primme.png\" class=\"no-lazyload attachment-full\" alt=\"Pr\u00eamio Gest\u00e3o Primme\" \/>                            <\/div>\r\n            \r\n        <div class=\"btn-image\">\r\n                                                    <\/div>\r\n    <\/div>\r\n<\/div>\t\t\t\t<\/div>\n\t\t\t\t<\/div>\n\t\t            <\/div>\r\n        <\/div>\r\n        \t\t\t<\/div>\n\t\t<\/section>\n\t\t\t\t<\/div>\n\t\t","protected":false},"excerpt":{"rendered":"<p>Regulamento Pr\u00eamio Gest\u00e3o Primme O pr\u00eamio est\u00e1 organizado em 3 categorias mestras, subdivididas em subcategorias tem\u00e1ticas. Categoria Gest\u00e3o e Sustentabilidade Reconhece cases que fortaleceram a governan\u00e7a, a sustentabilidade e a qualidade da gest\u00e3o hospitalar. Gest\u00e3o e Governan\u00e7a Cases que fortaleceram governan\u00e7a, compliance, planejamento estrat\u00e9gico, controle financeiro e transpar\u00eancia institucional. Sustentabilidade e ESG Iniciativas com impacto [&hellip;]<\/p>\n","protected":false},"author":1,"featured_media":0,"parent":0,"menu_order":0,"comment_status":"closed","ping_status":"closed","template":"","meta":{"footnotes":""},"class_list":["post-16828","page","type-page","status-publish","hentry"],"_links":{"self":[{"href":"https:\/\/gestaoprimme.grupomidia.com\/premio-gestao-primme\/wp-json\/wp\/v2\/pages\/16828","targetHints":{"allow":["GET"]}}],"collection":[{"href":"https:\/\/gestaoprimme.grupomidia.com\/premio-gestao-primme\/wp-json\/wp\/v2\/pages"}],"about":[{"href":"https:\/\/gestaoprimme.grupomidia.com\/premio-gestao-primme\/wp-json\/wp\/v2\/types\/page"}],"author":[{"embeddable":true,"href":"https:\/\/gestaoprimme.grupomidia.com\/premio-gestao-primme\/wp-json\/wp\/v2\/users\/1"}],"replies":[{"embeddable":true,"href":"https:\/\/gestaoprimme.grupomidia.com\/premio-gestao-primme\/wp-json\/wp\/v2\/comments?post=16828"}],"version-history":[{"count":7,"href":"https:\/\/gestaoprimme.grupomidia.com\/premio-gestao-primme\/wp-json\/wp\/v2\/pages\/16828\/revisions"}],"predecessor-version":[{"id":16836,"href":"https:\/\/gestaoprimme.grupomidia.com\/premio-gestao-primme\/wp-json\/wp\/v2\/pages\/16828\/revisions\/16836"}],"wp:attachment":[{"href":"https:\/\/gestaoprimme.grupomidia.com\/premio-gestao-primme\/wp-json\/wp\/v2\/media?parent=16828"}],"curies":[{"name":"wp","href":"https:\/\/api.w.org\/{rel}","templated":true}]}}