{"id":16810,"date":"2026-02-12T20:29:22","date_gmt":"2026-02-12T20:29:22","guid":{"rendered":"https:\/\/gestaoprimme.grupomidia.com\/premio-gestao-primme\/?page_id=16810"},"modified":"2026-03-16T16:30:51","modified_gmt":"2026-03-16T16:30:51","slug":"inscricao-de-cases","status":"publish","type":"page","link":"https:\/\/gestaoprimme.grupomidia.com\/premio-gestao-primme\/inscricao-de-cases\/","title":{"rendered":"Inscri\u00e7\u00e3o de Cases"},"content":{"rendered":"\t\t<div data-elementor-type=\"wp-page\" data-elementor-id=\"16810\" class=\"elementor elementor-16810\">\n\t\t\t\t<div class=\"elementor-element elementor-element-7087990 e-flex e-con-boxed e-con e-parent \" data-id=\"7087990\" data-element_type=\"container\" data-settings=\"{&quot;background_background&quot;:&quot;classic&quot;}\">\t\t\t<div class=\"e-con-inner\">\r\n\t\t<div class=\"elementor-element elementor-element-825c0e9 e-con-full e-flex e-con e-child \" data-id=\"825c0e9\" data-element_type=\"container\">\t\t<div class=\"elementor-element elementor-element-02aa516 elementor-widget elementor-widget-image\" data-id=\"02aa516\" data-element_type=\"widget\" data-widget_type=\"image.default\">\n\t\t\t\t<div class=\"elementor-widget-container\">\n\t\t\t\t\t\t\t\t\t\t\t\t\t\t\t\t<a href=\"https:\/\/gestaoprimme.grupomidia.com\/premio-gestao-primme\">\n\t\t\t\t\t\t\t<img fetchpriority=\"high\" decoding=\"async\" width=\"600\" height=\"148\" src=\"https:\/\/gestaoprimme.grupomidia.com\/premio-gestao-primme\/wp-content\/uploads\/2025\/05\/logo-premio-gestao-primme.png\" class=\"attachment-large size-large wp-image-16283\" alt=\"Pr\u00eamio Gest\u00e3o Primme\" srcset=\"https:\/\/gestaoprimme.grupomidia.com\/premio-gestao-primme\/wp-content\/uploads\/2025\/05\/logo-premio-gestao-primme.png 600w, https:\/\/gestaoprimme.grupomidia.com\/premio-gestao-primme\/wp-content\/uploads\/2025\/05\/logo-premio-gestao-primme-300x74.png 300w\" sizes=\"(max-width: 600px) 100vw, 600px\" \/>\t\t\t\t\t\t\t\t<\/a>\n\t\t\t\t\t\t\t\t\t\t\t\t\t\t\t<\/div>\n\t\t\t\t<\/div>\n\t\t\t\t<\/div>\r\n\t\t\t\t<div class=\"elementor-element elementor-element-24e0f0d elementor-widget elementor-widget-heading\" data-id=\"24e0f0d\" data-element_type=\"widget\" data-widget_type=\"heading.default\">\n\t\t\t\t<div class=\"elementor-widget-container\">\n\t\t\t\t\t<h2 class=\"elementor-heading-title elementor-size-default\">Inscri\u00e7\u00f5es de cases encerradas<br> dia 15 \/mar\u00e7o \/2026<\/h2>\t\t\t\t<\/div>\n\t\t\t\t<\/div>\n\t\t<div class=\"elementor-element elementor-element-34033fd e-con-full elementor-hidden-desktop elementor-hidden-tablet elementor-hidden-mobile e-flex e-con e-child \" data-id=\"34033fd\" data-element_type=\"container\">\t\t<div class=\"elementor-element elementor-element-f54b425 elementor-widget elementor-widget-heading\" data-id=\"f54b425\" data-element_type=\"widget\" data-widget_type=\"heading.default\">\n\t\t\t\t<div class=\"elementor-widget-container\">\n\t\t\t\t\t<h2 class=\"elementor-heading-title elementor-size-default\">FA\u00c7A DOWNLOAD DO<\/h2>\t\t\t\t<\/div>\n\t\t\t\t<\/div>\n\t\t\t\t<div class=\"elementor-element elementor-element-f2b8280 elementor-widget__width-auto elementor-align-center elementor-widget elementor-widget-pxl_button\" data-id=\"f2b8280\" data-element_type=\"widget\" data-widget_type=\"pxl_button.default\">\n\t\t\t\t<div class=\"elementor-widget-container\">\n\t\t\t\t\t \r\n<div id=\"pxl-pxl_button-f2b8280-6920\" class=\"pxl-button \" data-wow-delay=\"ms\">\r\n    \r\n    <a href=\"https:\/\/gestaoprimme.grupomidia.com\/premio-gestao-primme\/formulario-inscricao-cases-premio-gestao-primme.docx\" \r\n       class=\"btn btn-style-6 btn-hover1 pxl-icon-active  pxl-icon--left\" data-text=\"FORMUL\u00c1RIO DE INSCRI\u00c7\u00c3O DE CASES\"  data-wow-delay=\"ms\">\r\n       \r\n                                <span class=\"pxl--btn-text\" data-text=\"FORMUL\u00c1RIO DE INSCRI\u00c7\u00c3O DE CASES\">\r\n                FORMUL\u00c1RIO DE INSCRI\u00c7\u00c3O DE CASES            <\/span>\r\n            <\/a>\r\n  \r\n<\/div>\r\n\t\t\t\t<\/div>\n\t\t\t\t<\/div>\n\t\t\t\t<\/div>\r\n\t\t<div class=\"elementor-element elementor-element-bbe1381 e-con-full elementor-hidden-desktop elementor-hidden-tablet elementor-hidden-mobile e-flex e-con e-child \" data-id=\"bbe1381\" data-element_type=\"container\">\t\t<div class=\"elementor-element elementor-element-db88cd0 elementor-widget elementor-widget-text-editor\" data-id=\"db88cd0\" data-element_type=\"widget\" data-widget_type=\"text-editor.default\">\n\t\t\t\t<div class=\"elementor-widget-container\">\n\t\t\t\t\t\t\t\t\t<p>Os formul\u00e1rios que n\u00e3o estiverem integralmente preenchidos, que contenham informa\u00e7\u00f5es incorretas, incompletas ou em desacordo com as orienta\u00e7\u00f5es e o padr\u00e3o estabelecido no pr\u00f3prio formul\u00e1rio n\u00e3o ser\u00e3o considerados para fins de an\u00e1lise ou valida\u00e7\u00e3o.<\/p>\t\t\t\t\t\t\t\t<\/div>\n\t\t\t\t<\/div>\n\t\t\t\t<div class=\"elementor-element elementor-element-a146d0d elementor-widget elementor-widget-html\" data-id=\"a146d0d\" data-element_type=\"widget\" data-widget_type=\"html.default\">\n\t\t\t\t<div class=\"elementor-widget-container\">\n\t\t\t\t\t<div style=\"width: 100%; max-width: 800px; margin: 0 auto; border-radius: 8px; overflow: hidden; background: #0a1424;\">\r\n    <iframe \r\n        src=\"https:\/\/gestaoprimme.grupomidia.com\/premio-gestao-primme\/inscricao-cases.php\" \r\n        style=\"width: 100%; height: 630px; border: none; display: block;\" \r\n        scrolling=\"no\">\r\n    <\/iframe>\r\n<\/div>\t\t\t\t<\/div>\n\t\t\t\t<\/div>\n\t\t\t\t<\/div>\r\n\t\t\t\t\t<\/div>\r\n\t\t\t\t<\/div>\r\n\t\t        <section class=\"elementor-section elementor-top-section elementor-element elementor-element-89aa70a elementor-section-full_width elementor-section-height-default elementor-section-height-default pxl-row-scroll-none pxl-full-content-with-space-none pxl-section-overflow-visible pxl-bg-color-none pxl-section-overlay-none\" data-id=\"89aa70a\" data-element_type=\"section\">\n\n                \n                <div class=\"elementor-container elementor-column-gap-no \">\n                <div class=\"elementor-column elementor-col-100 elementor-top-column elementor-element elementor-element-214f19c pxl-column-none pxl-column-overflow-hidden-no\" data-id=\"214f19c\" data-element_type=\"column\">\r\n        <div class=\"elementor-widget-wrap elementor-element-populated\">\r\n                     \r\n        \t\t<div class=\"elementor-element elementor-element-c485eda elementor-widget elementor-widget-pxl_image\" data-id=\"c485eda\" data-element_type=\"widget\" data-widget_type=\"pxl_image.default\">\n\t\t\t\t<div class=\"elementor-widget-container\">\n\t\t\t\t\t<div id=\"pxl_image-c485eda-9694\" class=\"pxl-image-single  style-default  style-hover-default\" data-wow-delay=\"ms\"  >\r\n    <div class=\"pxl-item--inner \" data-wow-delay=\"120ms\">\r\n        <\/div>\r\n<\/div>\t\t\t\t<\/div>\n\t\t\t\t<\/div>\n\t\t            <\/div>\r\n        <\/div>\r\n        \t\t\t<\/div>\n\t\t<\/section>\n\t\t<div class=\"elementor-element elementor-element-962574a e-flex e-con-boxed e-con e-parent \" data-id=\"962574a\" data-element_type=\"container\">\t\t\t<div class=\"e-con-inner\">\r\n\t\t<div class=\"elementor-element elementor-element-bf5ef86 e-con-full e-flex e-con e-child \" data-id=\"bf5ef86\" data-element_type=\"container\">\t\t<div class=\"elementor-element elementor-element-f8c985a elementor-widget__width-auto elementor-align-center elementor-widget elementor-widget-pxl_button\" data-id=\"f8c985a\" data-element_type=\"widget\" data-widget_type=\"pxl_button.default\">\n\t\t\t\t<div class=\"elementor-widget-container\">\n\t\t\t\t\t \r\n<div id=\"pxl-pxl_button-f8c985a-5518\" class=\"pxl-button \" data-wow-delay=\"ms\">\r\n    \r\n    <a href=\"https:\/\/gestaoprimme.grupomidia.com\/premio-gestao-primme\/participacao-premio-gestao-primme\/\" \r\n       class=\"btn btn-style-6 btn-hover1 pxl-icon-active  pxl-icon--left\" data-text=\"CREDENCIAMENTO\"  data-wow-delay=\"ms\">\r\n       \r\n                                <span class=\"pxl--btn-text\" data-text=\"CREDENCIAMENTO\">\r\n                CREDENCIAMENTO            <\/span>\r\n            <\/a>\r\n  \r\n<\/div>\r\n\t\t\t\t<\/div>\n\t\t\t\t<\/div>\n\t\t\t\t<\/div>\r\n\t\t<div class=\"elementor-element elementor-element-57a7c82 e-con-full e-flex e-con e-child \" data-id=\"57a7c82\" data-element_type=\"container\">\t\t<div class=\"elementor-element elementor-element-f6ac60b elementor-widget__width-auto elementor-align-center elementor-widget elementor-widget-pxl_button\" data-id=\"f6ac60b\" data-element_type=\"widget\" data-widget_type=\"pxl_button.default\">\n\t\t\t\t<div class=\"elementor-widget-container\">\n\t\t\t\t\t \r\n<div id=\"pxl-pxl_button-f6ac60b-7675\" class=\"pxl-button \" data-wow-delay=\"ms\">\r\n    \r\n    <a href=\"https:\/\/gestaoprimme.grupomidia.com\/premio-gestao-primme\/patrocinador-premio-gestao-primme\/\" \r\n       class=\"btn btn-style-6 btn-hover1 pxl-icon-active  pxl-icon--left\" data-text=\"SEJA PATROCINADOR\"  data-wow-delay=\"ms\">\r\n       \r\n                                <span class=\"pxl--btn-text\" data-text=\"SEJA PATROCINADOR\">\r\n                SEJA PATROCINADOR            <\/span>\r\n            <\/a>\r\n  \r\n<\/div>\r\n\t\t\t\t<\/div>\n\t\t\t\t<\/div>\n\t\t\t\t<\/div>\r\n\t\t\t\t\t<\/div>\r\n\t\t\t\t<\/div>\r\n\t\t        <section class=\"elementor-section elementor-top-section elementor-element elementor-element-1b52d9c elementor-section-full_width elementor-section-height-default elementor-section-height-default pxl-row-scroll-none pxl-full-content-with-space-none pxl-section-overflow-visible pxl-bg-color-none pxl-section-overlay-none\" data-id=\"1b52d9c\" data-element_type=\"section\">\n\n                \n                <div class=\"elementor-container elementor-column-gap-default \">\n                <div class=\"elementor-column elementor-col-100 elementor-top-column elementor-element elementor-element-8b21714 pxl-column-none pxl-column-overflow-hidden-no\" data-id=\"8b21714\" data-element_type=\"column\">\r\n        <div class=\"elementor-widget-wrap elementor-element-populated\">\r\n                     \r\n        \t\t<div class=\"elementor-element elementor-element-632a0d0 elementor-widget elementor-widget-pxl_text_slip\" data-id=\"632a0d0\" data-element_type=\"widget\" data-widget_type=\"pxl_text_slip.default\">\n\t\t\t\t<div class=\"elementor-widget-container\">\n\t\t\t\t\t\t<div class=\"pxl-text-slip pxl-text-slip1 pxl-slide-to-left  text-fill\" data-wow-delay=\"ms\">\n\t\t<div class=\"pxl-item--container\">\n\t\t\t<div class=\"pxl-item--inner\" >\n\t\t\t\t\t\t\t\t\t\t\t\t\t<h3 class=\"pxl-item--text \">\t\t\t\t\n\t\t\t\t\t<span class=\"pxl-text-backdrop\">Pr\u00eamio Gest\u00e3o Primme 2026 &nbsp;<\/span>\n\t\t\t\t\t\t\t\t\t\t\t\t\t\t\t\t\t\t\t\t\t<\/h3>\n\t\t\t\t\t\t\t\t\t<\/div>\n\t\t<div class=\"pxl-item--inner\" >\n\t\t\t\t\t\t\t\t\t\t<h3 class=\"pxl-item--text \">\t\t\t\t\n\t\t\t\t<span class=\"pxl-text-backdrop\">Pr\u00eamio Gest\u00e3o Primme 2026 &nbsp;<\/span>\n\t\t\t\t\t\t\t\t\t\t\t\t\t\t\t\t\t<\/h3>\n\t\t\t\t\t\t<\/div>\n<\/div>\n<\/div>\n\t\t\t\t<\/div>\n\t\t\t\t<\/div>\n\t\t\t\t<div class=\"elementor-element elementor-element-398b1c6 elementor-widget elementor-widget-pxl_image\" data-id=\"398b1c6\" data-element_type=\"widget\" data-widget_type=\"pxl_image.default\">\n\t\t\t\t<div class=\"elementor-widget-container\">\n\t\t\t\t\t<div id=\"pxl_image-398b1c6-1718\" class=\"pxl-image-single  style-default  style-hover-style-1\" data-wow-delay=\"ms\"  >\r\n    <div class=\"pxl-item--inner \" data-wow-delay=\"120ms\">\r\n        \r\n                    <div class=\"pxl-item--image\" data-parallax-value=\"\">\r\n                                <img decoding=\"async\" width=\"600\" height=\"148\" src=\"https:\/\/gestaoprimme.grupomidia.com\/premio-gestao-primme\/wp-content\/uploads\/2025\/05\/logo-premio-gestao-primme.png\" class=\"no-lazyload attachment-full\" alt=\"Pr\u00eamio Gest\u00e3o Primme\" \/>                            <\/div>\r\n            \r\n        <div class=\"btn-image\">\r\n                                                    <\/div>\r\n    <\/div>\r\n<\/div>\t\t\t\t<\/div>\n\t\t\t\t<\/div>\n\t\t            <\/div>\r\n        <\/div>\r\n        \t\t\t<\/div>\n\t\t<\/section>\n\t\t\t\t<\/div>\n\t\t","protected":false},"excerpt":{"rendered":"<p>Inscri\u00e7\u00f5es de cases encerradas dia 15 \/mar\u00e7o \/2026 FA\u00c7A DOWNLOAD DO FORMUL\u00c1RIO DE INSCRI\u00c7\u00c3O DE CASES Os formul\u00e1rios que n\u00e3o estiverem integralmente preenchidos, que contenham informa\u00e7\u00f5es incorretas, incompletas ou em desacordo com as orienta\u00e7\u00f5es e o padr\u00e3o estabelecido no pr\u00f3prio formul\u00e1rio n\u00e3o ser\u00e3o considerados para fins de an\u00e1lise ou valida\u00e7\u00e3o. CREDENCIAMENTO SEJA PATROCINADOR Pr\u00eamio Gest\u00e3o [&hellip;]<\/p>\n","protected":false},"author":1,"featured_media":0,"parent":0,"menu_order":0,"comment_status":"closed","ping_status":"closed","template":"","meta":{"footnotes":""},"class_list":["post-16810","page","type-page","status-publish","hentry"],"_links":{"self":[{"href":"https:\/\/gestaoprimme.grupomidia.com\/premio-gestao-primme\/wp-json\/wp\/v2\/pages\/16810","targetHints":{"allow":["GET"]}}],"collection":[{"href":"https:\/\/gestaoprimme.grupomidia.com\/premio-gestao-primme\/wp-json\/wp\/v2\/pages"}],"about":[{"href":"https:\/\/gestaoprimme.grupomidia.com\/premio-gestao-primme\/wp-json\/wp\/v2\/types\/page"}],"author":[{"embeddable":true,"href":"https:\/\/gestaoprimme.grupomidia.com\/premio-gestao-primme\/wp-json\/wp\/v2\/users\/1"}],"replies":[{"embeddable":true,"href":"https:\/\/gestaoprimme.grupomidia.com\/premio-gestao-primme\/wp-json\/wp\/v2\/comments?post=16810"}],"version-history":[{"count":28,"href":"https:\/\/gestaoprimme.grupomidia.com\/premio-gestao-primme\/wp-json\/wp\/v2\/pages\/16810\/revisions"}],"predecessor-version":[{"id":16928,"href":"https:\/\/gestaoprimme.grupomidia.com\/premio-gestao-primme\/wp-json\/wp\/v2\/pages\/16810\/revisions\/16928"}],"wp:attachment":[{"href":"https:\/\/gestaoprimme.grupomidia.com\/premio-gestao-primme\/wp-json\/wp\/v2\/media?parent=16810"}],"curies":[{"name":"wp","href":"https:\/\/api.w.org\/{rel}","templated":true}]}}