{"id":16595,"date":"2025-05-22T14:06:28","date_gmt":"2025-05-22T14:06:28","guid":{"rendered":"https:\/\/gestaoprimme.grupomidia.com\/premio-gestao-primme\/?page_id=16595"},"modified":"2026-03-03T20:15:48","modified_gmt":"2026-03-03T20:15:48","slug":"patrocinador-premio-gestao-primme","status":"publish","type":"page","link":"https:\/\/gestaoprimme.grupomidia.com\/premio-gestao-primme\/patrocinador-premio-gestao-primme\/","title":{"rendered":"Patrocinador &#8211; Pr\u00eamio Gest\u00e3o Primme"},"content":{"rendered":"\t\t<div data-elementor-type=\"wp-page\" data-elementor-id=\"16595\" class=\"elementor elementor-16595\">\n\t\t\t\t<div class=\"elementor-element elementor-element-7087990 e-flex e-con-boxed e-con e-parent \" data-id=\"7087990\" data-element_type=\"container\" data-settings=\"{&quot;background_background&quot;:&quot;classic&quot;}\">\t\t\t<div class=\"e-con-inner\">\r\n\t\t<div class=\"elementor-element elementor-element-825c0e9 e-con-full e-flex e-con e-child \" data-id=\"825c0e9\" data-element_type=\"container\">\t\t<div class=\"elementor-element elementor-element-02aa516 elementor-widget elementor-widget-image\" data-id=\"02aa516\" data-element_type=\"widget\" data-widget_type=\"image.default\">\n\t\t\t\t<div class=\"elementor-widget-container\">\n\t\t\t\t\t\t\t\t\t\t\t\t\t\t\t\t<a href=\"https:\/\/gestaoprimme.grupomidia.com\/premio-gestao-primme\">\n\t\t\t\t\t\t\t<img fetchpriority=\"high\" decoding=\"async\" width=\"600\" height=\"148\" src=\"https:\/\/gestaoprimme.grupomidia.com\/premio-gestao-primme\/wp-content\/uploads\/2025\/05\/logo-premio-gestao-primme.png\" class=\"attachment-large size-large wp-image-16283\" alt=\"Pr\u00eamio Gest\u00e3o Primme\" srcset=\"https:\/\/gestaoprimme.grupomidia.com\/premio-gestao-primme\/wp-content\/uploads\/2025\/05\/logo-premio-gestao-primme.png 600w, https:\/\/gestaoprimme.grupomidia.com\/premio-gestao-primme\/wp-content\/uploads\/2025\/05\/logo-premio-gestao-primme-300x74.png 300w\" sizes=\"(max-width: 600px) 100vw, 600px\" \/>\t\t\t\t\t\t\t\t<\/a>\n\t\t\t\t\t\t\t\t\t\t\t\t\t\t\t<\/div>\n\t\t\t\t<\/div>\n\t\t\t\t<\/div>\r\n\t\t<div class=\"elementor-element elementor-element-34033fd e-con-full e-flex e-con e-child \" data-id=\"34033fd\" data-element_type=\"container\">\t\t<\/div>\r\n\t\t<div class=\"elementor-element elementor-element-bbe1381 e-con-full elementor-hidden-desktop elementor-hidden-tablet elementor-hidden-mobile e-flex e-con e-child \" data-id=\"bbe1381\" data-element_type=\"container\">\t\t<div class=\"elementor-element elementor-element-02f070e elementor-widget elementor-widget-pxl_heading\" data-id=\"02f070e\" data-element_type=\"widget\" data-widget_type=\"pxl_heading.default\">\n\t\t\t\t<div class=\"elementor-widget-container\">\n\t\t\t\t\t<div id=\"pxl-pxl_heading-02f070e-6974\" class=\"pxl-heading pxl-heading--tcustom\">\n\t<div class=\"pxl-heading--inner\">\n\n\t\t\n\t<h3 class=\"pxl-item--title   pxl-color-style-3 \" data-wow-delay=\"ms\">\n\n\n\t06 \/NOVEMBRO \/2025\t\t\t\n\t<\/h3>\n\n<\/div>\n<\/div>\t\t\t\t<\/div>\n\t\t\t\t<\/div>\n\t\t\t\t<div class=\"elementor-element elementor-element-a5a13fb elementor-widget elementor-widget-pxl_heading\" data-id=\"a5a13fb\" data-element_type=\"widget\" data-widget_type=\"pxl_heading.default\">\n\t\t\t\t<div class=\"elementor-widget-container\">\n\t\t\t\t\t<div id=\"pxl-pxl_heading-a5a13fb-6041\" class=\"pxl-heading pxl-heading--tcustom\">\n\t<div class=\"pxl-heading--inner\">\n\n\t\t\n\t<h3 class=\"pxl-item--title   pxl-color-style-3 \" data-wow-delay=\"ms\">\n\n\n\tHilton Morumbi S\u00e3o Paulo\t\t\t\n\t<\/h3>\n\n<\/div>\n<\/div>\t\t\t\t<\/div>\n\t\t\t\t<\/div>\n\t\t\t\t<\/div>\r\n\t\t\t\t\t<\/div>\r\n\t\t\t\t<\/div>\r\n\t\t        <section class=\"elementor-section elementor-top-section elementor-element elementor-element-89aa70a elementor-section-full_width elementor-section-height-default elementor-section-height-default pxl-row-scroll-none pxl-full-content-with-space-none pxl-section-overflow-visible pxl-bg-color-none pxl-section-overlay-none\" data-id=\"89aa70a\" data-element_type=\"section\">\n\n                \n                <div class=\"elementor-container elementor-column-gap-no \">\n                <div class=\"elementor-column elementor-col-100 elementor-top-column elementor-element elementor-element-214f19c pxl-column-none pxl-column-overflow-hidden-no\" data-id=\"214f19c\" data-element_type=\"column\">\r\n        <div class=\"elementor-widget-wrap elementor-element-populated\">\r\n                     \r\n        \t\t<div class=\"elementor-element elementor-element-c485eda elementor-widget elementor-widget-pxl_image\" data-id=\"c485eda\" data-element_type=\"widget\" data-widget_type=\"pxl_image.default\">\n\t\t\t\t<div class=\"elementor-widget-container\">\n\t\t\t\t\t<div id=\"pxl_image-c485eda-4838\" class=\"pxl-image-single  style-default  style-hover-default\" data-wow-delay=\"ms\"  >\r\n    <div class=\"pxl-item--inner \" data-wow-delay=\"120ms\">\r\n        <\/div>\r\n<\/div>\t\t\t\t<\/div>\n\t\t\t\t<\/div>\n\t\t            <\/div>\r\n        <\/div>\r\n        \t\t\t<\/div>\n\t\t<\/section>\n\t\t        <section class=\"elementor-section elementor-top-section elementor-element elementor-element-8405b91 elementor-section-stretched elementor-section-boxed elementor-section-height-default elementor-section-height-default pxl-row-scroll-none pxl-section-overflow-visible pxl-bg-color-none pxl-section-overlay-none\" data-id=\"8405b91\" data-element_type=\"section\" data-settings=\"{&quot;stretch_section&quot;:&quot;section-stretched&quot;,&quot;background_background&quot;:&quot;classic&quot;}\">\n\n                            <div class=\"elementor-background-overlay\"><\/div>\n            \n                <div class=\"elementor-container elementor-column-gap-extended \">\n                <div class=\"elementor-column elementor-col-100 elementor-top-column elementor-element elementor-element-93310c6 pxl-column-none pxl-column-overflow-hidden-no\" data-id=\"93310c6\" data-element_type=\"column\" data-settings=\"{&quot;background_background&quot;:&quot;classic&quot;}\">\r\n        <div class=\"elementor-widget-wrap elementor-element-populated\">\r\n                                <div class=\"elementor-background-overlay\"><\/div>\r\n         \r\n                <section class=\"elementor-section elementor-inner-section elementor-element elementor-element-a3ab70a elementor-section-full_width elementor-section-height-default elementor-section-height-default pxl-row-scroll-none pxl-full-content-with-space-none pxl-section-overflow-visible pxl-bg-color-none pxl-section-overlay-none\" data-id=\"a3ab70a\" data-element_type=\"section\">\n\n                \n                <div class=\"elementor-container elementor-column-gap-extended \">\n                <div class=\"elementor-column elementor-col-33 elementor-inner-column elementor-element elementor-element-d798964 pxl-column-none pxl-column-overflow-hidden-no\" data-id=\"d798964\" data-element_type=\"column\">\r\n        <div class=\"elementor-widget-wrap\">\r\n                     \r\n                    <\/div>\r\n        <\/div>\r\n                <div class=\"elementor-column elementor-col-33 elementor-inner-column elementor-element elementor-element-607e99c pxl-column-none pxl-column-overflow-hidden-no\" data-id=\"607e99c\" data-element_type=\"column\">\r\n        <div class=\"elementor-widget-wrap elementor-element-populated\">\r\n                     \r\n        \t\t<div class=\"elementor-element elementor-element-b37bc14 elementor-widget elementor-widget-html\" data-id=\"b37bc14\" data-element_type=\"widget\" data-widget_type=\"html.default\">\n\t\t\t\t<div class=\"elementor-widget-container\">\n\t\t\t\t\t<div role=\"main\" id=\"patrocinadorespremiogestaoprimme_2025-8124e7838eeb25796a24\"><\/div><script type=\"text\/javascript\" src=\"https:\/\/d335luupugsy2.cloudfront.net\/js\/rdstation-forms\/stable\/rdstation-forms.min.js\"><\/script><script type=\"text\/javascript\"> new RDStationForms('patrocinadorespremiogestaoprimme_2025-8124e7838eeb25796a24', 'null').createForm();<\/script>\t\t\t\t<\/div>\n\t\t\t\t<\/div>\n\t\t            <\/div>\r\n        <\/div>\r\n                <div class=\"elementor-column elementor-col-33 elementor-inner-column elementor-element elementor-element-e7e2af3 pxl-column-none pxl-column-overflow-hidden-no\" data-id=\"e7e2af3\" data-element_type=\"column\">\r\n        <div class=\"elementor-widget-wrap\">\r\n                     \r\n                    <\/div>\r\n        <\/div>\r\n        \t\t\t<\/div>\n\t\t<\/section>\n\t\t            <\/div>\r\n        <\/div>\r\n        \t\t\t<\/div>\n\t\t<\/section>\n\t\t<div class=\"elementor-element elementor-element-962574a e-flex e-con-boxed e-con e-parent \" data-id=\"962574a\" data-element_type=\"container\">\t\t\t<div class=\"e-con-inner\">\r\n\t\t<div class=\"elementor-element elementor-element-bf5ef86 e-con-full e-flex e-con e-child \" data-id=\"bf5ef86\" data-element_type=\"container\">\t\t<div class=\"elementor-element elementor-element-f8c985a elementor-widget__width-auto elementor-align-center elementor-widget elementor-widget-pxl_button\" data-id=\"f8c985a\" data-element_type=\"widget\" data-widget_type=\"pxl_button.default\">\n\t\t\t\t<div class=\"elementor-widget-container\">\n\t\t\t\t\t \r\n<div id=\"pxl-pxl_button-f8c985a-8774\" class=\"pxl-button \" data-wow-delay=\"ms\">\r\n    \r\n    <a href=\"https:\/\/gestaoprimme.grupomidia.com\/premio-gestao-primme\/participacao-premio-gestao-primme\/\" \r\n       class=\"btn btn-style-6 btn-hover1 pxl-icon-active  pxl-icon--left\" data-text=\"CREDENCIAMENTO\"  data-wow-delay=\"ms\">\r\n       \r\n                                <span class=\"pxl--btn-text\" data-text=\"CREDENCIAMENTO\">\r\n                CREDENCIAMENTO            <\/span>\r\n            <\/a>\r\n  \r\n<\/div>\r\n\t\t\t\t<\/div>\n\t\t\t\t<\/div>\n\t\t\t\t<\/div>\r\n\t\t<div class=\"elementor-element elementor-element-57a7c82 e-con-full e-flex e-con e-child \" data-id=\"57a7c82\" data-element_type=\"container\">\t\t<div class=\"elementor-element elementor-element-f6ac60b elementor-widget__width-auto elementor-align-center elementor-widget elementor-widget-pxl_button\" data-id=\"f6ac60b\" data-element_type=\"widget\" data-widget_type=\"pxl_button.default\">\n\t\t\t\t<div class=\"elementor-widget-container\">\n\t\t\t\t\t \r\n<div id=\"pxl-pxl_button-f6ac60b-9271\" class=\"pxl-button \" data-wow-delay=\"ms\">\r\n    \r\n    <a href=\"https:\/\/gestaoprimme.grupomidia.com\/premio-gestao-primme\/patrocinador-premio-gestao-primme\/\" \r\n       class=\"btn btn-style-6 btn-hover1 pxl-icon-active  pxl-icon--left\" data-text=\"SEJA PATROCINADOR\"  data-wow-delay=\"ms\">\r\n       \r\n                                <span class=\"pxl--btn-text\" data-text=\"SEJA PATROCINADOR\">\r\n                SEJA PATROCINADOR            <\/span>\r\n            <\/a>\r\n  \r\n<\/div>\r\n\t\t\t\t<\/div>\n\t\t\t\t<\/div>\n\t\t\t\t<\/div>\r\n\t\t\t\t\t<\/div>\r\n\t\t\t\t<\/div>\r\n\t\t        <section class=\"elementor-section elementor-top-section elementor-element elementor-element-1b52d9c elementor-section-full_width elementor-section-height-default elementor-section-height-default pxl-row-scroll-none pxl-full-content-with-space-none pxl-section-overflow-visible pxl-bg-color-none pxl-section-overlay-none\" data-id=\"1b52d9c\" data-element_type=\"section\">\n\n                \n                <div class=\"elementor-container elementor-column-gap-default \">\n                <div class=\"elementor-column elementor-col-100 elementor-top-column elementor-element elementor-element-8b21714 pxl-column-none pxl-column-overflow-hidden-no\" data-id=\"8b21714\" data-element_type=\"column\">\r\n        <div class=\"elementor-widget-wrap elementor-element-populated\">\r\n                     \r\n        \t\t<div class=\"elementor-element elementor-element-632a0d0 elementor-widget elementor-widget-pxl_text_slip\" data-id=\"632a0d0\" data-element_type=\"widget\" data-widget_type=\"pxl_text_slip.default\">\n\t\t\t\t<div class=\"elementor-widget-container\">\n\t\t\t\t\t\t<div class=\"pxl-text-slip pxl-text-slip1 pxl-slide-to-left  text-fill\" data-wow-delay=\"ms\">\n\t\t<div class=\"pxl-item--container\">\n\t\t\t<div class=\"pxl-item--inner\" >\n\t\t\t\t\t\t\t\t\t\t\t\t\t<h3 class=\"pxl-item--text \">\t\t\t\t\n\t\t\t\t\t<span class=\"pxl-text-backdrop\">Pr\u00eamio Gest\u00e3o Primme 2026 &nbsp;<\/span>\n\t\t\t\t\t\t\t\t\t\t\t\t\t\t\t\t\t\t\t\t\t<\/h3>\n\t\t\t\t\t\t\t\t\t<\/div>\n\t\t<div class=\"pxl-item--inner\" >\n\t\t\t\t\t\t\t\t\t\t<h3 class=\"pxl-item--text \">\t\t\t\t\n\t\t\t\t<span class=\"pxl-text-backdrop\">Pr\u00eamio Gest\u00e3o Primme 2026 &nbsp;<\/span>\n\t\t\t\t\t\t\t\t\t\t\t\t\t\t\t\t\t<\/h3>\n\t\t\t\t\t\t<\/div>\n<\/div>\n<\/div>\n\t\t\t\t<\/div>\n\t\t\t\t<\/div>\n\t\t\t\t<div class=\"elementor-element elementor-element-398b1c6 elementor-widget elementor-widget-pxl_image\" data-id=\"398b1c6\" data-element_type=\"widget\" data-widget_type=\"pxl_image.default\">\n\t\t\t\t<div class=\"elementor-widget-container\">\n\t\t\t\t\t<div id=\"pxl_image-398b1c6-9232\" class=\"pxl-image-single  style-default  style-hover-style-1\" data-wow-delay=\"ms\"  >\r\n    <div class=\"pxl-item--inner \" data-wow-delay=\"120ms\">\r\n        \r\n                    <div class=\"pxl-item--image\" data-parallax-value=\"\">\r\n                                <img decoding=\"async\" width=\"600\" height=\"148\" src=\"https:\/\/gestaoprimme.grupomidia.com\/premio-gestao-primme\/wp-content\/uploads\/2025\/05\/logo-premio-gestao-primme.png\" class=\"no-lazyload attachment-full\" alt=\"Pr\u00eamio Gest\u00e3o Primme\" \/>                            <\/div>\r\n            \r\n        <div class=\"btn-image\">\r\n                                                    <\/div>\r\n    <\/div>\r\n<\/div>\t\t\t\t<\/div>\n\t\t\t\t<\/div>\n\t\t            <\/div>\r\n        <\/div>\r\n        \t\t\t<\/div>\n\t\t<\/section>\n\t\t\t\t<\/div>\n\t\t","protected":false},"excerpt":{"rendered":"<p>06 \/NOVEMBRO \/2025 Hilton Morumbi S\u00e3o Paulo CREDENCIAMENTO SEJA PATROCINADOR Pr\u00eamio Gest\u00e3o Primme 2026 &nbsp; Pr\u00eamio Gest\u00e3o Primme 2026 &nbsp;<\/p>\n","protected":false},"author":1,"featured_media":0,"parent":0,"menu_order":0,"comment_status":"closed","ping_status":"closed","template":"","meta":{"footnotes":""},"class_list":["post-16595","page","type-page","status-publish","hentry"],"_links":{"self":[{"href":"https:\/\/gestaoprimme.grupomidia.com\/premio-gestao-primme\/wp-json\/wp\/v2\/pages\/16595","targetHints":{"allow":["GET"]}}],"collection":[{"href":"https:\/\/gestaoprimme.grupomidia.com\/premio-gestao-primme\/wp-json\/wp\/v2\/pages"}],"about":[{"href":"https:\/\/gestaoprimme.grupomidia.com\/premio-gestao-primme\/wp-json\/wp\/v2\/types\/page"}],"author":[{"embeddable":true,"href":"https:\/\/gestaoprimme.grupomidia.com\/premio-gestao-primme\/wp-json\/wp\/v2\/users\/1"}],"replies":[{"embeddable":true,"href":"https:\/\/gestaoprimme.grupomidia.com\/premio-gestao-primme\/wp-json\/wp\/v2\/comments?post=16595"}],"version-history":[{"count":13,"href":"https:\/\/gestaoprimme.grupomidia.com\/premio-gestao-primme\/wp-json\/wp\/v2\/pages\/16595\/revisions"}],"predecessor-version":[{"id":16884,"href":"https:\/\/gestaoprimme.grupomidia.com\/premio-gestao-primme\/wp-json\/wp\/v2\/pages\/16595\/revisions\/16884"}],"wp:attachment":[{"href":"https:\/\/gestaoprimme.grupomidia.com\/premio-gestao-primme\/wp-json\/wp\/v2\/media?parent=16595"}],"curies":[{"name":"wp","href":"https:\/\/api.w.org\/{rel}","templated":true}]}}